{"id":2,"date":"2024-10-01T07:57:46","date_gmt":"2024-10-01T07:57:46","guid":{"rendered":"https:\/\/barmadariaga.rkinformatika.online\/?page_id=2"},"modified":"2025-02-07T11:27:32","modified_gmt":"2025-02-07T11:27:32","slug":"inicio","status":"publish","type":"page","link":"https:\/\/barcarsis.com\/eu\/","title":{"rendered":"Hasiera"},"content":{"rendered":"<div data-elementor-type=\"wp-page\" data-elementor-id=\"2\" class=\"elementor elementor-2\" data-elementor-post-type=\"page\">\n\t\t\t\t\t\t<section class=\"elementor-section elementor-top-section elementor-element elementor-element-28c25b9d elementor-section-boxed elementor-section-height-default elementor-section-height-default\" data-id=\"28c25b9d\" data-element_type=\"section\" data-e-type=\"section\">\n\t\t\t\t\t\t\t<div class=\"elementor-background-overlay\"><\/div>\n\t\t\t\t\t\t\t<div class=\"elementor-container elementor-column-gap-default\">\n\t\t\t\t\t<div class=\"elementor-column elementor-col-100 elementor-top-column elementor-element elementor-element-3a961d61\" data-id=\"3a961d61\" data-element_type=\"column\" data-e-type=\"column\">\n\t\t\t<div class=\"elementor-widget-wrap elementor-element-populated\">\n\t\t\t\t\t\t<div class=\"elementor-element elementor-element-7aa6a541 elementor-invisible elementor-widget elementor-widget-heading\" data-id=\"7aa6a541\" data-element_type=\"widget\" data-e-type=\"widget\" data-settings=\"{&quot;_animation&quot;:&quot;fadeInUp&quot;}\" data-widget_type=\"heading.default\">\n\t\t\t\t<div class=\"elementor-widget-container\">\n\t\t\t\t\t<h3 class=\"elementor-heading-title elementor-size-default\">Ezagutu Caf\u00e9-Bar Carsis!\n\n\n\n<\/h3>\t\t\t\t<\/div>\n\t\t\t\t<\/div>\n\t\t\t\t\t<\/div>\n\t\t<\/div>\n\t\t\t\t\t<\/div>\n\t\t<\/section>\n\t\t\t\t<section class=\"elementor-section elementor-top-section elementor-element elementor-element-5d9377e3 elementor-section-content-middle elementor-section-boxed elementor-section-height-default elementor-section-height-default\" data-id=\"5d9377e3\" data-element_type=\"section\" data-e-type=\"section\" data-settings=\"{&quot;background_background&quot;:&quot;classic&quot;}\">\n\t\t\t\t\t\t\t<div class=\"elementor-background-overlay\"><\/div>\n\t\t\t\t\t\t\t<div class=\"elementor-container elementor-column-gap-default\">\n\t\t\t\t\t<div class=\"elementor-column elementor-col-50 elementor-top-column elementor-element elementor-element-773819b5 elementor-invisible\" data-id=\"773819b5\" data-element_type=\"column\" data-e-type=\"column\" data-settings=\"{&quot;animation&quot;:&quot;fadeInLeft&quot;}\">\n\t\t\t<div class=\"elementor-widget-wrap elementor-element-populated\">\n\t\t\t\t\t\t<div class=\"elementor-element elementor-element-3bc6d5b4 elementor-invisible elementor-widget elementor-widget-heading\" data-id=\"3bc6d5b4\" data-element_type=\"widget\" data-e-type=\"widget\" data-settings=\"{&quot;_animation&quot;:&quot;fadeInUp&quot;}\" data-widget_type=\"heading.default\">\n\t\t\t\t<div class=\"elementor-widget-container\">\n\t\t\t\t\t<h6 class=\"elementor-heading-title elementor-size-default\">Nor garen<\/h6>\t\t\t\t<\/div>\n\t\t\t\t<\/div>\n\t\t\t\t<div class=\"elementor-element elementor-element-5c24a83a elementor-invisible elementor-widget elementor-widget-text-editor\" data-id=\"5c24a83a\" data-element_type=\"widget\" data-e-type=\"widget\" data-settings=\"{&quot;_animation&quot;:&quot;fadeInUp&quot;}\" data-widget_type=\"text-editor.default\">\n\t\t\t\t<div class=\"elementor-widget-container\">\n\t\t\t\t\t\t\t\t\t<p>Madariaga <strong>Caf\u00e9-Bar Carsis<\/strong>, somos m\u00e1s que un simple caf\u00e9, somos un espacio donde la tradici\u00f3n y el buen sabor se encuentran. Desde nuestros inicios, nos hemos dedicado a ofrecer un ambiente acogedor y una experiencia gastron\u00f3mica \u00fanica, combinando ingredientes de calidad con un servicio c\u00e1lido y cercano.<\/p>\t\t\t\t\t\t\t\t<\/div>\n\t\t\t\t<\/div>\n\t\t\t\t<div class=\"elementor-element elementor-element-35d38aac elementor-invisible elementor-widget elementor-widget-text-editor\" data-id=\"35d38aac\" data-element_type=\"widget\" data-e-type=\"widget\" data-settings=\"{&quot;_animation&quot;:&quot;fadeInUp&quot;}\" data-widget_type=\"text-editor.default\">\n\t\t\t\t<div class=\"elementor-widget-container\">\n\t\t\t\t\t\t\t\t\t<p>De lunes a viernes, ofrecemos pintxos, boller\u00eda y caf\u00e9s, perfecto para aquellos que desean una agradable pausa en su jornada. <br \/>Lo que nos hace especiales es nuestra propuesta de desayunos peruanos. Entre nuestras especialidades destacan el pan con chicharr\u00f3n, los tamales, caldo de mote, opciones perfectas para comenzar el d\u00eda con energ\u00eda.<\/p>\t\t\t\t\t\t\t\t<\/div>\n\t\t\t\t<\/div>\n\t\t\t\t\t<\/div>\n\t\t<\/div>\n\t\t\t\t<div class=\"elementor-column elementor-col-50 elementor-top-column elementor-element elementor-element-198b79f5\" data-id=\"198b79f5\" data-element_type=\"column\" data-e-type=\"column\">\n\t\t\t<div class=\"elementor-widget-wrap elementor-element-populated\">\n\t\t\t\t\t\t<section class=\"elementor-section elementor-inner-section elementor-element elementor-element-12ffd329 elementor-section-boxed elementor-section-height-default elementor-section-height-default\" data-id=\"12ffd329\" data-element_type=\"section\" data-e-type=\"section\">\n\t\t\t\t\t\t<div class=\"elementor-container elementor-column-gap-default\">\n\t\t\t\t\t<div class=\"elementor-column elementor-col-100 elementor-inner-column elementor-element elementor-element-34b1871e elementor-invisible\" data-id=\"34b1871e\" data-element_type=\"column\" data-e-type=\"column\" data-settings=\"{&quot;animation&quot;:&quot;fadeInUp&quot;}\">\n\t\t\t<div class=\"elementor-widget-wrap elementor-element-populated\">\n\t\t\t\t\t\t<div class=\"elementor-element elementor-element-4b82cd78 elementor-widget elementor-widget-image\" data-id=\"4b82cd78\" data-element_type=\"widget\" data-e-type=\"widget\" data-widget_type=\"image.default\">\n\t\t\t\t<div class=\"elementor-widget-container\">\n\t\t\t\t\t\t\t\t\t\t\t\t\t\t\t<img fetchpriority=\"high\" decoding=\"async\" width=\"1000\" height=\"1500\" src=\"https:\/\/barcarsis.com\/wp-content\/uploads\/2025\/02\/Design-sem-nome.png\" class=\"attachment-full size-full wp-image-1101\" alt=\"\" srcset=\"https:\/\/barcarsis.com\/wp-content\/uploads\/2025\/02\/Design-sem-nome.png 1000w, https:\/\/barcarsis.com\/wp-content\/uploads\/2025\/02\/Design-sem-nome-200x300.png 200w, https:\/\/barcarsis.com\/wp-content\/uploads\/2025\/02\/Design-sem-nome-683x1024.png 683w, https:\/\/barcarsis.com\/wp-content\/uploads\/2025\/02\/Design-sem-nome-768x1152.png 768w, https:\/\/barcarsis.com\/wp-content\/uploads\/2025\/02\/Design-sem-nome-8x12.png 8w\" sizes=\"(max-width: 1000px) 100vw, 1000px\" \/>\t\t\t\t\t\t\t\t\t\t\t\t\t\t\t<\/div>\n\t\t\t\t<\/div>\n\t\t\t\t\t<\/div>\n\t\t<\/div>\n\t\t\t\t\t<\/div>\n\t\t<\/section>\n\t\t\t\t\t<\/div>\n\t\t<\/div>\n\t\t\t\t\t<\/div>\n\t\t<\/section>\n\t\t\t\t<section class=\"elementor-section elementor-top-section elementor-element elementor-element-7cf6651b elementor-section-boxed elementor-section-height-default elementor-section-height-default\" data-id=\"7cf6651b\" data-element_type=\"section\" data-e-type=\"section\">\n\t\t\t\t\t\t<div class=\"elementor-container elementor-column-gap-default\">\n\t\t\t\t\t<div class=\"elementor-column elementor-col-33 elementor-top-column elementor-element elementor-element-3dcf73e6\" data-id=\"3dcf73e6\" data-element_type=\"column\" data-e-type=\"column\">\n\t\t\t<div class=\"elementor-widget-wrap elementor-element-populated\">\n\t\t\t\t\t\t<section class=\"elementor-section elementor-inner-section elementor-element elementor-element-3e59a091 elementor-section-boxed elementor-section-height-default elementor-section-height-default\" data-id=\"3e59a091\" data-element_type=\"section\" data-e-type=\"section\">\n\t\t\t\t\t\t<div class=\"elementor-container elementor-column-gap-default\">\n\t\t\t\t\t<div class=\"elementor-column elementor-col-100 elementor-inner-column elementor-element elementor-element-6a5f1365 elementor-invisible\" data-id=\"6a5f1365\" data-element_type=\"column\" data-e-type=\"column\" data-settings=\"{&quot;background_background&quot;:&quot;classic&quot;,&quot;animation&quot;:&quot;fadeInLeft&quot;}\">\n\t\t\t<div class=\"elementor-widget-wrap elementor-element-populated\">\n\t\t\t\t\t<div class=\"elementor-background-overlay\"><\/div>\n\t\t\t\t\t\t<div class=\"elementor-element elementor-element-4c735ff4 elementor-widget elementor-widget-heading\" data-id=\"4c735ff4\" data-element_type=\"widget\" data-e-type=\"widget\" data-widget_type=\"heading.default\">\n\t\t\t\t<div class=\"elementor-widget-container\">\n\t\t\t\t\t<h3 class=\"elementor-heading-title elementor-size-default\">Irekitzeko ordutegia<\/h3>\t\t\t\t<\/div>\n\t\t\t\t<\/div>\n\t\t\t\t<div class=\"elementor-element elementor-element-9c43d34 elementor-widget elementor-widget-text-editor\" data-id=\"9c43d34\" data-element_type=\"widget\" data-e-type=\"widget\" data-widget_type=\"text-editor.default\">\n\t\t\t\t<div class=\"elementor-widget-container\">\n\t\t\t\t\t\t\t\t\t<p>Abrimos de lunes a vienes, de 7:30 a 14:30 y 18:00 a 21:00, s\u00e1bado de 09:00 a 15:00 y 18:00 a 21:00, domingo de 10:00 a 15:30.\u00a0<\/p><p>Te invitamos a conocernos y a disfrutar de nuestros sabores \u00fanicos. \u00a1Bienvenidos a Caf\u00e9-Bar Carsis!<\/p>\t\t\t\t\t\t\t\t<\/div>\n\t\t\t\t<\/div>\n\t\t\t\t<div class=\"elementor-element elementor-element-21b3b923 elementor-widget elementor-widget-button\" data-id=\"21b3b923\" data-element_type=\"widget\" data-e-type=\"widget\" data-widget_type=\"button.default\">\n\t\t\t\t<div class=\"elementor-widget-container\">\n\t\t\t\t\t\t\t\t\t<div class=\"elementor-button-wrapper\">\n\t\t\t\t\t<a class=\"elementor-button elementor-button-link elementor-size-sm elementor-animation-hang\" href=\"https:\/\/barcarsis.com\/eu\/contacto\/\">\n\t\t\t\t\t\t<span class=\"elementor-button-content-wrapper\">\n\t\t\t\t\t\t\t\t\t<span class=\"elementor-button-text\">Erreserba Orain<\/span>\n\t\t\t\t\t<\/span>\n\t\t\t\t\t<\/a>\n\t\t\t\t<\/div>\n\t\t\t\t\t\t\t\t<\/div>\n\t\t\t\t<\/div>\n\t\t\t\t\t<\/div>\n\t\t<\/div>\n\t\t\t\t\t<\/div>\n\t\t<\/section>\n\t\t\t\t\t<\/div>\n\t\t<\/div>\n\t\t\t\t<div class=\"elementor-column elementor-col-33 elementor-top-column elementor-element elementor-element-6a5270e6\" data-id=\"6a5270e6\" data-element_type=\"column\" data-e-type=\"column\">\n\t\t\t<div class=\"elementor-widget-wrap elementor-element-populated\">\n\t\t\t\t\t\t<div class=\"elementor-element elementor-element-4dd96e3b elementor-invisible elementor-widget elementor-widget-image\" data-id=\"4dd96e3b\" data-element_type=\"widget\" data-e-type=\"widget\" data-settings=\"{&quot;_animation&quot;:&quot;fadeInLeft&quot;,&quot;_animation_delay&quot;:200}\" data-widget_type=\"image.default\">\n\t\t\t\t<div class=\"elementor-widget-container\">\n\t\t\t\t\t\t\t\t\t\t\t\t\t\t\t<img decoding=\"async\" width=\"1000\" height=\"1500\" src=\"https:\/\/barcarsis.com\/wp-content\/uploads\/2025\/02\/Design-sem-nome-2.png\" class=\"attachment-full size-full wp-image-1121\" alt=\"\" srcset=\"https:\/\/barcarsis.com\/wp-content\/uploads\/2025\/02\/Design-sem-nome-2.png 1000w, https:\/\/barcarsis.com\/wp-content\/uploads\/2025\/02\/Design-sem-nome-2-200x300.png 200w, https:\/\/barcarsis.com\/wp-content\/uploads\/2025\/02\/Design-sem-nome-2-683x1024.png 683w, https:\/\/barcarsis.com\/wp-content\/uploads\/2025\/02\/Design-sem-nome-2-768x1152.png 768w, https:\/\/barcarsis.com\/wp-content\/uploads\/2025\/02\/Design-sem-nome-2-8x12.png 8w\" sizes=\"(max-width: 1000px) 100vw, 1000px\" \/>\t\t\t\t\t\t\t\t\t\t\t\t\t\t\t<\/div>\n\t\t\t\t<\/div>\n\t\t\t\t\t<\/div>\n\t\t<\/div>\n\t\t\t\t<div class=\"elementor-column elementor-col-33 elementor-top-column elementor-element elementor-element-623e1816\" data-id=\"623e1816\" data-element_type=\"column\" data-e-type=\"column\">\n\t\t\t<div class=\"elementor-widget-wrap elementor-element-populated\">\n\t\t\t\t\t\t<div class=\"elementor-element elementor-element-13a5c024 elementor-invisible elementor-widget elementor-widget-image\" data-id=\"13a5c024\" data-element_type=\"widget\" data-e-type=\"widget\" data-settings=\"{&quot;_animation&quot;:&quot;fadeInLeft&quot;,&quot;_animation_delay&quot;:400}\" data-widget_type=\"image.default\">\n\t\t\t\t<div class=\"elementor-widget-container\">\n\t\t\t\t\t\t\t\t\t\t\t\t\t\t\t<img decoding=\"async\" width=\"1000\" height=\"1500\" src=\"https:\/\/barcarsis.com\/wp-content\/uploads\/2025\/02\/Design-sem-nome-1.png\" class=\"attachment-full size-full wp-image-1120\" alt=\"\" srcset=\"https:\/\/barcarsis.com\/wp-content\/uploads\/2025\/02\/Design-sem-nome-1.png 1000w, https:\/\/barcarsis.com\/wp-content\/uploads\/2025\/02\/Design-sem-nome-1-200x300.png 200w, https:\/\/barcarsis.com\/wp-content\/uploads\/2025\/02\/Design-sem-nome-1-683x1024.png 683w, https:\/\/barcarsis.com\/wp-content\/uploads\/2025\/02\/Design-sem-nome-1-768x1152.png 768w, https:\/\/barcarsis.com\/wp-content\/uploads\/2025\/02\/Design-sem-nome-1-8x12.png 8w\" sizes=\"(max-width: 1000px) 100vw, 1000px\" \/>\t\t\t\t\t\t\t\t\t\t\t\t\t\t\t<\/div>\n\t\t\t\t<\/div>\n\t\t\t\t\t<\/div>\n\t\t<\/div>\n\t\t\t\t\t<\/div>\n\t\t<\/section>\n\t\t<div class=\"elementor-element elementor-element-74ea05e e-flex e-con-boxed e-con e-parent\" data-id=\"74ea05e\" data-element_type=\"container\" data-e-type=\"container\" data-settings=\"{&quot;background_background&quot;:&quot;classic&quot;}\">\n\t\t\t\t\t<div class=\"e-con-inner\">\n\t\t\t\t<div class=\"elementor-element elementor-element-971f9ee elementor-cta--skin-cover elementor-animated-content elementor-bg-transform elementor-bg-transform-zoom-in elementor-widget elementor-widget-call-to-action\" data-id=\"971f9ee\" data-element_type=\"widget\" data-e-type=\"widget\" data-widget_type=\"call-to-action.default\">\n\t\t\t\t<div class=\"elementor-widget-container\">\n\t\t\t\t\t\t\t<div class=\"elementor-cta\">\n\t\t\t\t\t<div class=\"elementor-cta__bg-wrapper\">\n\t\t\t\t<div class=\"elementor-cta__bg elementor-bg\" style=\"background-image: url(https:\/\/barcarsis.com\/wp-content\/uploads\/2025\/02\/Design-sem-nome-3-1024x576.png);\" role=\"img\" aria-label=\"Design sem nome (3)\"><\/div>\n\t\t\t\t<div class=\"elementor-cta__bg-overlay\"><\/div>\n\t\t\t<\/div>\n\t\t\t\t\t\t\t<div class=\"elementor-cta__content\">\n\t\t\t\t\n\t\t\t\t\t\t\t\t\t<h2 class=\"elementor-cta__title elementor-cta__content-item elementor-content-item elementor-animated-item--grow\">\n\t\t\t\t\t\t\u00a1Donde el buen caf\u00e9 y los mejores desayunos te esperan!\t\t\t\t\t<\/h2>\n\t\t\t\t\n\t\t\t\t\n\t\t\t\t\t\t\t\t\t<div class=\"elementor-cta__button-wrapper elementor-cta__content-item elementor-content-item elementor-animated-item--grow\">\n\t\t\t\t\t<a class=\"elementor-cta__button elementor-button elementor-size-\" href=\"https:\/\/barcarsis.com\/eu\/productos\/\">\n\t\t\t\t\t\tEzagutu gaitzazu\t\t\t\t\t<\/a>\n\t\t\t\t\t<\/div>\n\t\t\t\t\t\t\t<\/div>\n\t\t\t\t\t\t<\/div>\n\t\t\t\t\t\t<\/div>\n\t\t\t\t<\/div>\n\t\t\t\t\t<\/div>\n\t\t\t\t<\/div>\n\t\t\t\t<\/div>","protected":false},"excerpt":{"rendered":"<p>\u00a1Descubre Caf\u00e9-Bar Carsis! Qui\u00e9nes somos En Caf\u00e9-Bar Carsis, somos m\u00e1s que un simple caf\u00e9, somos un espacio donde la tradici\u00f3n y el buen sabor se encuentran. Desde nuestros inicios, nos hemos dedicado a ofrecer un ambiente acogedor y una experiencia gastron\u00f3mica \u00fanica, combinando ingredientes de calidad con un servicio c\u00e1lido y cercano. De lunes a [&hellip;]<\/p>\n","protected":false},"author":3,"featured_media":0,"parent":0,"menu_order":0,"comment_status":"closed","ping_status":"closed","template":"elementor_canvas","meta":{"footnotes":""},"class_list":["post-2","page","type-page","status-publish","hentry"],"yoast_head":"<!-- This site is optimized with the Yoast SEO plugin v27.3 - https:\/\/yoast.com\/product\/yoast-seo-wordpress\/ -->\n<title>Inicio - Bar Carsis<\/title>\n<meta name=\"robots\" content=\"index, follow, max-snippet:-1, max-image-preview:large, max-video-preview:-1\" \/>\n<link rel=\"canonical\" href=\"https:\/\/barcarsis.com\/eu\/\" \/>\n<meta property=\"og:locale\" content=\"en_US\" \/>\n<meta property=\"og:type\" content=\"article\" \/>\n<meta property=\"og:title\" content=\"Inicio - Bar Carsis\" \/>\n<meta property=\"og:description\" content=\"\u00a1Descubre Caf\u00e9-Bar Carsis! Qui\u00e9nes somos En Caf\u00e9-Bar Carsis, somos m\u00e1s que un simple caf\u00e9, somos un espacio donde la tradici\u00f3n y el buen sabor se encuentran. Desde nuestros inicios, nos hemos dedicado a ofrecer un ambiente acogedor y una experiencia gastron\u00f3mica \u00fanica, combinando ingredientes de calidad con un servicio c\u00e1lido y cercano. De lunes a [&hellip;]\" \/>\n<meta property=\"og:url\" content=\"https:\/\/barcarsis.com\/eu\/\" \/>\n<meta property=\"og:site_name\" content=\"Bar Carsis\" \/>\n<meta property=\"article:modified_time\" content=\"2025-02-07T11:27:32+00:00\" \/>\n<meta property=\"og:image\" content=\"https:\/\/barcarsis.com\/wp-content\/uploads\/2025\/02\/Design-sem-nome.png\" \/>\n\t<meta property=\"og:image:width\" content=\"1000\" \/>\n\t<meta property=\"og:image:height\" content=\"1500\" \/>\n\t<meta property=\"og:image:type\" content=\"image\/png\" \/>\n<meta name=\"twitter:card\" content=\"summary_large_image\" \/>\n<meta name=\"twitter:label1\" content=\"Est. reading time\" \/>\n\t<meta name=\"twitter:data1\" content=\"2 minutua\" \/>\n<script type=\"application\/ld+json\" class=\"yoast-schema-graph\">{\"@context\":\"https:\\\/\\\/schema.org\",\"@graph\":[{\"@type\":\"WebPage\",\"@id\":\"https:\\\/\\\/barcarsis.com\\\/\",\"url\":\"https:\\\/\\\/barcarsis.com\\\/\",\"name\":\"Inicio - Bar Carsis\",\"isPartOf\":{\"@id\":\"https:\\\/\\\/barcarsis.com\\\/#website\"},\"primaryImageOfPage\":{\"@id\":\"https:\\\/\\\/barcarsis.com\\\/#primaryimage\"},\"image\":{\"@id\":\"https:\\\/\\\/barcarsis.com\\\/#primaryimage\"},\"thumbnailUrl\":\"https:\\\/\\\/barcarsis.com\\\/wp-content\\\/uploads\\\/2025\\\/02\\\/Design-sem-nome.png\",\"datePublished\":\"2024-10-01T07:57:46+00:00\",\"dateModified\":\"2025-02-07T11:27:32+00:00\",\"breadcrumb\":{\"@id\":\"https:\\\/\\\/barcarsis.com\\\/#breadcrumb\"},\"inLanguage\":\"eu\",\"potentialAction\":[{\"@type\":\"ReadAction\",\"target\":[\"https:\\\/\\\/barcarsis.com\\\/\"]}]},{\"@type\":\"ImageObject\",\"inLanguage\":\"eu\",\"@id\":\"https:\\\/\\\/barcarsis.com\\\/#primaryimage\",\"url\":\"https:\\\/\\\/barcarsis.com\\\/wp-content\\\/uploads\\\/2025\\\/02\\\/Design-sem-nome.png\",\"contentUrl\":\"https:\\\/\\\/barcarsis.com\\\/wp-content\\\/uploads\\\/2025\\\/02\\\/Design-sem-nome.png\"},{\"@type\":\"BreadcrumbList\",\"@id\":\"https:\\\/\\\/barcarsis.com\\\/#breadcrumb\",\"itemListElement\":[{\"@type\":\"ListItem\",\"position\":1,\"name\":\"Portada\",\"item\":\"https:\\\/\\\/barcarsis.com\\\/\"},{\"@type\":\"ListItem\",\"position\":2,\"name\":\"Inicio\"}]},{\"@type\":\"WebSite\",\"@id\":\"https:\\\/\\\/barcarsis.com\\\/#website\",\"url\":\"https:\\\/\\\/barcarsis.com\\\/\",\"name\":\"Bar Carsis\",\"description\":\"Caf\u00e9 bar y desayunos peruanos\",\"publisher\":{\"@id\":\"https:\\\/\\\/barcarsis.com\\\/#organization\"},\"potentialAction\":[{\"@type\":\"SearchAction\",\"target\":{\"@type\":\"EntryPoint\",\"urlTemplate\":\"https:\\\/\\\/barcarsis.com\\\/?s={search_term_string}\"},\"query-input\":{\"@type\":\"PropertyValueSpecification\",\"valueRequired\":true,\"valueName\":\"search_term_string\"}}],\"inLanguage\":\"eu\"},{\"@type\":\"Organization\",\"@id\":\"https:\\\/\\\/barcarsis.com\\\/#organization\",\"name\":\"Bar Carsis\",\"url\":\"https:\\\/\\\/barcarsis.com\\\/\",\"logo\":{\"@type\":\"ImageObject\",\"inLanguage\":\"eu\",\"@id\":\"https:\\\/\\\/barcarsis.com\\\/#\\\/schema\\\/logo\\\/image\\\/\",\"url\":\"https:\\\/\\\/barcarsis.com\\\/wp-content\\\/uploads\\\/2025\\\/02\\\/cropped-Esku-Terapiak-Ager.png\",\"contentUrl\":\"https:\\\/\\\/barcarsis.com\\\/wp-content\\\/uploads\\\/2025\\\/02\\\/cropped-Esku-Terapiak-Ager.png\",\"width\":500,\"height\":500,\"caption\":\"Bar Carsis\"},\"image\":{\"@id\":\"https:\\\/\\\/barcarsis.com\\\/#\\\/schema\\\/logo\\\/image\\\/\"}}]}<\/script>\n<!-- \/ Yoast SEO plugin. -->","yoast_head_json":{"title":"Inicio - Bar Carsis","robots":{"index":"index","follow":"follow","max-snippet":"max-snippet:-1","max-image-preview":"max-image-preview:large","max-video-preview":"max-video-preview:-1"},"canonical":"https:\/\/barcarsis.com\/eu\/","og_locale":"en_US","og_type":"article","og_title":"Inicio - Bar Carsis","og_description":"\u00a1Descubre Caf\u00e9-Bar Carsis! Qui\u00e9nes somos En Caf\u00e9-Bar Carsis, somos m\u00e1s que un simple caf\u00e9, somos un espacio donde la tradici\u00f3n y el buen sabor se encuentran. Desde nuestros inicios, nos hemos dedicado a ofrecer un ambiente acogedor y una experiencia gastron\u00f3mica \u00fanica, combinando ingredientes de calidad con un servicio c\u00e1lido y cercano. De lunes a [&hellip;]","og_url":"https:\/\/barcarsis.com\/eu\/","og_site_name":"Bar Carsis","article_modified_time":"2025-02-07T11:27:32+00:00","og_image":[{"width":1000,"height":1500,"url":"https:\/\/barcarsis.com\/wp-content\/uploads\/2025\/02\/Design-sem-nome.png","type":"image\/png"}],"twitter_card":"summary_large_image","twitter_misc":{"Est. reading time":"2 minutua"},"schema":{"@context":"https:\/\/schema.org","@graph":[{"@type":"WebPage","@id":"https:\/\/barcarsis.com\/","url":"https:\/\/barcarsis.com\/","name":"Inicio - Bar Carsis","isPartOf":{"@id":"https:\/\/barcarsis.com\/#website"},"primaryImageOfPage":{"@id":"https:\/\/barcarsis.com\/#primaryimage"},"image":{"@id":"https:\/\/barcarsis.com\/#primaryimage"},"thumbnailUrl":"https:\/\/barcarsis.com\/wp-content\/uploads\/2025\/02\/Design-sem-nome.png","datePublished":"2024-10-01T07:57:46+00:00","dateModified":"2025-02-07T11:27:32+00:00","breadcrumb":{"@id":"https:\/\/barcarsis.com\/#breadcrumb"},"inLanguage":"eu","potentialAction":[{"@type":"ReadAction","target":["https:\/\/barcarsis.com\/"]}]},{"@type":"ImageObject","inLanguage":"eu","@id":"https:\/\/barcarsis.com\/#primaryimage","url":"https:\/\/barcarsis.com\/wp-content\/uploads\/2025\/02\/Design-sem-nome.png","contentUrl":"https:\/\/barcarsis.com\/wp-content\/uploads\/2025\/02\/Design-sem-nome.png"},{"@type":"BreadcrumbList","@id":"https:\/\/barcarsis.com\/#breadcrumb","itemListElement":[{"@type":"ListItem","position":1,"name":"Portada","item":"https:\/\/barcarsis.com\/"},{"@type":"ListItem","position":2,"name":"Inicio"}]},{"@type":"WebSite","@id":"https:\/\/barcarsis.com\/#website","url":"https:\/\/barcarsis.com\/","name":"Bar Carsis","description":"Caf\u00e9 bar y desayunos peruanos","publisher":{"@id":"https:\/\/barcarsis.com\/#organization"},"potentialAction":[{"@type":"SearchAction","target":{"@type":"EntryPoint","urlTemplate":"https:\/\/barcarsis.com\/?s={search_term_string}"},"query-input":{"@type":"PropertyValueSpecification","valueRequired":true,"valueName":"search_term_string"}}],"inLanguage":"eu"},{"@type":"Organization","@id":"https:\/\/barcarsis.com\/#organization","name":"Bar Carsis","url":"https:\/\/barcarsis.com\/","logo":{"@type":"ImageObject","inLanguage":"eu","@id":"https:\/\/barcarsis.com\/#\/schema\/logo\/image\/","url":"https:\/\/barcarsis.com\/wp-content\/uploads\/2025\/02\/cropped-Esku-Terapiak-Ager.png","contentUrl":"https:\/\/barcarsis.com\/wp-content\/uploads\/2025\/02\/cropped-Esku-Terapiak-Ager.png","width":500,"height":500,"caption":"Bar Carsis"},"image":{"@id":"https:\/\/barcarsis.com\/#\/schema\/logo\/image\/"}}]}},"_links":{"self":[{"href":"https:\/\/barcarsis.com\/eu\/wp-json\/wp\/v2\/pages\/2","targetHints":{"allow":["GET"]}}],"collection":[{"href":"https:\/\/barcarsis.com\/eu\/wp-json\/wp\/v2\/pages"}],"about":[{"href":"https:\/\/barcarsis.com\/eu\/wp-json\/wp\/v2\/types\/page"}],"author":[{"embeddable":true,"href":"https:\/\/barcarsis.com\/eu\/wp-json\/wp\/v2\/users\/3"}],"replies":[{"embeddable":true,"href":"https:\/\/barcarsis.com\/eu\/wp-json\/wp\/v2\/comments?post=2"}],"version-history":[{"count":415,"href":"https:\/\/barcarsis.com\/eu\/wp-json\/wp\/v2\/pages\/2\/revisions"}],"predecessor-version":[{"id":1279,"href":"https:\/\/barcarsis.com\/eu\/wp-json\/wp\/v2\/pages\/2\/revisions\/1279"}],"wp:attachment":[{"href":"https:\/\/barcarsis.com\/eu\/wp-json\/wp\/v2\/media?parent=2"}],"curies":[{"name":"wp","href":"https:\/\/api.w.org\/{rel}","templated":true}]}}